{"id":695,"date":"2022-09-09T10:11:25","date_gmt":"2022-09-09T08:11:25","guid":{"rendered":"https:\/\/kytabook.com\/?page_id=695"},"modified":"2024-09-09T16:35:07","modified_gmt":"2024-09-09T14:35:07","slug":"terms-and-conditions","status":"publish","type":"page","link":"https:\/\/kytabook.com\/fr\/terms-and-conditions\/","title":{"rendered":"Conditions d'utilisation"},"content":{"rendered":"<div class=\"vc_row wpb_row vc_row-fluid\"><div class=\"wpb_column vc_column_container vc_col-sm-12\"><div class=\"vc_column-inner\"><div class=\"wpb_wrapper\"><div  class=\"vc_wp_custommenu wpb_content_element\"><div class=\"widget widget_nav_menu\"><div class=\"menu-terms-conditions-container\"><ul id=\"menu-terms-conditions\" class=\"menu\"><li id=\"menu-item-729\" class=\"menu-item menu-item-type-custom menu-item-object-custom menu-item-729\"><a href=\"https:\/\/kytabook.com\/fr\/terms-and-conditions\/#disclaimer\">D\u00e9menti<\/a><\/li>\n<li id=\"menu-item-730\" class=\"menu-item menu-item-type-custom menu-item-object-custom menu-item-730\"><a href=\"https:\/\/kytabook.com\/fr\/terms-and-conditions\/#disclaimer\">Notre droit de modifier ces conditions d\u2019utilisation<\/a><\/li>\n<li id=\"menu-item-731\" class=\"menu-item menu-item-type-custom menu-item-object-custom menu-item-731\"><a href=\"https:\/\/kytabook.com\/fr\/terms-and-conditions\/#privacy-policy\">Notre politique de confidentialit\u00e9<\/a><\/li>\n<li id=\"menu-item-732\" class=\"menu-item menu-item-type-custom menu-item-object-custom menu-item-732\"><a href=\"https:\/\/kytabook.com\/fr\/terms-and-conditions\/#cookies\">Cookies<\/a><\/li>\n<li id=\"menu-item-733\" class=\"menu-item menu-item-type-custom menu-item-object-custom menu-item-733\"><a href=\"https:\/\/kytabook.com\/fr\/terms-and-conditions\/#intellectual\">Propri\u00e9t\u00e9 intellectuelle<\/a><\/li>\n<li id=\"menu-item-737\" class=\"menu-item menu-item-type-custom menu-item-object-custom menu-item-737\"><a href=\"https:\/\/kytabook.com\/fr\/terms-and-conditions\/#must-not\">Utilisations interdites du service<\/a><\/li>\n<li id=\"menu-item-736\" class=\"menu-item menu-item-type-custom menu-item-object-custom menu-item-736\"><a href=\"https:\/\/kytabook.com\/fr\/terms-and-conditions\/#idemnification\">Votre Indemnisation de Nous<\/a><\/li>\n<li id=\"menu-item-739\" class=\"menu-item menu-item-type-custom menu-item-object-custom menu-item-739\"><a href=\"https:\/\/kytabook.com\/fr\/terms-and-conditions\/#warranty\">AVERTISSEMENT DE GARANTIE<\/a><\/li>\n<li id=\"menu-item-740\" class=\"menu-item menu-item-type-custom menu-item-object-custom menu-item-740\"><a href=\"https:\/\/kytabook.com\/fr\/terms-and-conditions\/#liability\">AVERTISSEMENT DE RESPONSABILIT\u00c9<\/a><\/li>\n<li id=\"menu-item-741\" class=\"menu-item menu-item-type-custom menu-item-object-custom menu-item-741\"><a href=\"https:\/\/kytabook.com\/fr\/#agreementterms-and-conditions\/#disclaimer\">L'accord entier<\/a><\/li>\n<li id=\"menu-item-742\" class=\"menu-item menu-item-type-custom menu-item-object-custom menu-item-742\"><a href=\"https:\/\/kytabook.com\/fr\/terms-and-conditions\/#contact\">Comment nous contacter<\/a><\/li>\n<\/ul><\/div><\/div><\/div><\/div><\/div><\/div><\/div><div class=\"vc_row wpb_row vc_row-fluid\"><div class=\"wpb_column vc_column_container vc_col-sm-12\"><div class=\"vc_column-inner\"><div class=\"wpb_wrapper\">\n\t<div class=\"wpb_text_column wpb_content_element  wpb_animate_when_almost_visible wpb_fadeIn fadeIn\" >\n\t\t<div class=\"wpb_wrapper\">\n\t\t\t<h3>Vue d\u2019ensemble<\/h3>\n<p>Bienvenue sur Kytabook!<\/p>\n<p>Les pr\u00e9sentes conditions g\u00e9n\u00e9rales d\u00e9crivent les r\u00e8gles et r\u00e8glements r\u00e9gissant l\u2019utilisation de www. kytabook. com le \u00abSite Web\u00bb et de KytabookTM l'\u00abApplication mobile\u00bb tous deux d\u00e9nomm\u00e9s (le \u00abService\u00bb). D\u00e9tenue et exploit\u00e9e par Ouimind (la \u00ab Soci\u00e9t\u00e9 \u00bb, \u00ab nous \u00bb ou \u00ab nous \u00bb)<\/p>\n<p>&nbsp;<\/p>\n<ul>\n<li>Le terme \u00ab Service \u00bb d\u00e9signe toute information ou tout service mis \u00e0 disposition par nos soins, quel que soit le support, et comprend, sans limitation, tous les sites Web affili\u00e9s, applications mobiles et livres que nous mettons \u00e0 disposition. Nous nous r\u00e9servons le droit, \u00e0 tout moment et de temps \u00e0 autre, de modifier, suspendre ou interrompre (temporairement ou d\u00e9finitivement) le Service, ou toute partie du Service, avec ou sans pr\u00e9avis.<\/li>\n<li>Ce service s\u2019adresse principalement aux <strong>enfants de moins de 13 ans<\/strong>. Pour plus d\u2019informations sur notre politique de confidentialit\u00e9, veuillez consulter le lien suivant: https:\/\/kytabook. com\/privacy-policy\/<\/li>\n<\/ul>\n<p>En utilisant notre service, nous supposons que vous acceptez ces termes et conditions. Ne continuez pas \u00e0 utiliser Kytabook si vous n\u2019acceptez pas tous les termes et conditions \u00e9nonc\u00e9s sur cette page.<\/p>\n\n\t\t<\/div>\n\t<\/div>\n<\/div><\/div><\/div><\/div><div class=\"vc_row wpb_row vc_row-fluid\"><div class=\"wpb_column vc_column_container vc_col-sm-12\"><div class=\"vc_column-inner\"><div class=\"wpb_wrapper\">\n\t<div class=\"wpb_text_column wpb_content_element\" id=\"disclaimer\">\n\t\t<div class=\"wpb_wrapper\">\n\t\t\t<h3>D\u00e9menti<\/h3>\n<p>L\u2019utilisateur est seul responsable de l\u2019utilisation des informations mises \u00e0 sa disposition \u00e0 travers le Service et celles-ci sont fournies \u00ab telles qu'elles. \u00bb L\u2019information n\u2019a pas pour but de donner des conseils et ne devrait pas \u00eatre interpr\u00e9t\u00e9e de cette fa\u00e7on ou appliqu\u00e9e d\u2019une autre mani\u00e8re. Nous ne donnons aucune garantie sur la fiabilit\u00e9, la validit\u00e9 ou l\u2019exactitude du mat\u00e9riel, et nous d\u00e9clinons toute responsabilit\u00e9 pour toute erreur, omission ou inexactitude qu\u2019il contient, ainsi que pour toute action prise par les utilisateurs qui se fient aux informations. Les informations doivent \u00eatre v\u00e9rifi\u00e9es par l\u2019utilisateur pour s\u2019assurer qu\u2019elles ne conviennent qu\u2019\u00e0 un usage personnel.<\/p>\n\n\t\t<\/div>\n\t<\/div>\n<\/div><\/div><\/div><\/div><div class=\"vc_row wpb_row vc_row-fluid\"><div class=\"wpb_column vc_column_container vc_col-sm-12\"><div class=\"vc_column-inner\"><div class=\"wpb_wrapper\">\n\t<div class=\"wpb_text_column wpb_content_element\" id=\"modify-terms\">\n\t\t<div class=\"wpb_wrapper\">\n\t\t\t<h3>Notre droit de modifier ces conditions d\u2019utilisation<\/h3>\n<p>Les pr\u00e9sentes Conditions g\u00e9n\u00e9rales peuvent \u00eatre modifi\u00e9es \u00e0 tout moment, avec ou sans pr\u00e9avis. Vous devriez souvent consulter cette page. Lorsque nous publions des modifications, elles seront visibles sur le Service et entreront en vigueur. Vous reconnaissez et acceptez les modifications si vous continuez \u00e0 utiliser le Service d\u00e9sormais.<\/p>\n\n\t\t<\/div>\n\t<\/div>\n<\/div><\/div><\/div><\/div><div class=\"vc_row wpb_row vc_row-fluid\"><div class=\"wpb_column vc_column_container vc_col-sm-12\"><div class=\"vc_column-inner\"><div class=\"wpb_wrapper\">\n\t<div class=\"wpb_text_column wpb_content_element\" id=\"privacy-policy\">\n\t\t<div class=\"wpb_wrapper\">\n\t\t\t<h3>Notre politique de confidentialit\u00e9<\/h3>\n<p>Vous trouverez plus de d\u00e9tails sur la fa\u00e7on dont les donn\u00e9es sont recueillies, utilis\u00e9es et mises \u00e0 disposition sur ou par notre site dans notre politique de confidentialit\u00e9. Nous vous recommandons de la lire: <a href=\"https:\/\/kytabook.com\/fr\/privacy-policy\/\">https:\/\/kytabook.com\/privacy-policy\/<\/a><\/p>\n\n\t\t<\/div>\n\t<\/div>\n<\/div><\/div><\/div><\/div><div class=\"vc_row wpb_row vc_row-fluid\"><div class=\"wpb_column vc_column_container vc_col-sm-12\"><div class=\"vc_column-inner\"><div class=\"wpb_wrapper\">\n\t<div class=\"wpb_text_column wpb_content_element\" id=\"cookies\">\n\t\t<div class=\"wpb_wrapper\">\n\t\t\t<h3>Cookies<\/h3>\n<p>Nous utilisons des cookies. En acc\u00e9dant \u00e0 Kytabook, vous acceptez d\u2019utiliser des cookies conform\u00e9ment \u00e0 la Politique de confidentialit\u00e9.<\/p>\n<p>La plupart des sites Web interactifs utilisent des cookies pour nous permettre de r\u00e9cup\u00e9rer les donn\u00e9es de l\u2019utilisateur pour chaque visite. Les cookies sont utilis\u00e9s par notre site Web pour permettre la fonctionnalit\u00e9 de certaines zones  afin de faciliter et am\u00e9liorer l'exp\u00e9rience utilisateur.<\/p>\n\n\t\t<\/div>\n\t<\/div>\n<\/div><\/div><\/div><\/div><div class=\"vc_row wpb_row vc_row-fluid\"><div class=\"wpb_column vc_column_container vc_col-sm-12\"><div class=\"vc_column-inner\"><div class=\"wpb_wrapper\">\n\t<div class=\"wpb_text_column wpb_content_element\" id=\"intellectual\">\n\t\t<div class=\"wpb_wrapper\">\n\t\t\t<h3>Propri\u00e9t\u00e9 intellectuelle<\/h3>\n<p>&nbsp;<\/p>\n<h4>Votre Licence Limit\u00e9e sur notre Propri\u00e9t\u00e9 Intellectuelle<\/h4>\n<p>Sauf indication du contraire, Kytabook et\/ou ses conc\u00e9dants de licence ou ses soci\u00e9t\u00e9s affili\u00e9es d\u00e9tiennent les droits de propri\u00e9t\u00e9 intellectuelle sur tout le contenu de Kytabook, y compris, mais sans s\u2019y limiter, les textes, graphiques, illustrations et r\u00e9cits originaux, ainsi que les noms, logos, marques de commerce et marques de service qui sont tous prot\u00e9g\u00e9s par le droit d\u2019auteur, les marques de commerce et d\u2019autres lois. Vous ne pouvez utiliser ce contenu que pour votre usage personnel et non commercial. Sans le consentement \u00e9crit pr\u00e9alable de la Soci\u00e9t\u00e9, vous acceptez de ne pas modifier, reproduire, retransmettre, distribuer, diffuser, vendre, publier, diffuser ou diffuser un tel mat\u00e9riel. Sous r\u00e9serve des pr\u00e9sentes Conditions d\u2019utilisation, la Soci\u00e9t\u00e9 vous fournit par les pr\u00e9sentes une licence personnelle, non exclusive, non transf\u00e9rable et r\u00e9vocable pour acc\u00e9der au Service et \u00e0 tout mat\u00e9riel s\u2019y rapportant et en faire un usage personnel.<\/p>\n<p>&nbsp;<\/p>\n<h4>Marques et logos de Kytabook<\/h4>\n<p>Les termes Ouimind, Kytabook, www. kytabook.com et autres. Les noms, logos, noms de produits et de services, dessins et slogans li\u00e9s \u00e0 la soci\u00e9t\u00e9 sont tous ses marques de commerce, ses soci\u00e9t\u00e9s affili\u00e9es ou ses titulaires de licence. Sans le consentement \u00e9crit pr\u00e9alable de la Soci\u00e9t\u00e9, vous n\u2019\u00eates pas autoris\u00e9 \u00e0 utiliser ces marques. Sur le Service, tous les autres noms, logos, noms de produits et de services, dessins et slogans sont la propri\u00e9t\u00e9 de leurs propri\u00e9taires respectifs et sont leurs marques commerciales.<\/p>\n\n\t\t<\/div>\n\t<\/div>\n<\/div><\/div><\/div><\/div><div class=\"vc_row wpb_row vc_row-fluid\"><div class=\"wpb_column vc_column_container vc_col-sm-12\"><div class=\"vc_column-inner\"><div class=\"wpb_wrapper\">\n\t<div class=\"wpb_text_column wpb_content_element\" id=\"must-not\">\n\t\t<div class=\"wpb_wrapper\">\n\t\t\t<h3><span class=\"null\"><span class=\"fontSize\"><span class=\"fontFamily\">Utilisations interdites du service<\/span><\/span><\/span><\/h3>\n<p>Vous ne pouvez utiliser le Service qu\u2019en conformit\u00e9 avec les pr\u00e9sentes Conditions d\u2019utilisation et \u00e0 des fins l\u00e9gitimes. Vous consentez \u00e0 ne pas utiliser le Service:<\/p>\n<p>&nbsp;<\/p>\n<ul>\n<li>De quelque mani\u00e8re que ce soit qui contrevient \u00e0 toute loi ou r\u00e9glementation internationale, nationale, \u00e9tatique, locale ou f\u00e9d\u00e9rale pertinente.<\/li>\n<li>Dans le but de maltraiter, de blesser ou de tenter de maltraiter des mineurs de quelque mani\u00e8re que ce soit, y compris en les soumettant \u00e0 des mat\u00e9riels offensants ou en leur demandant des informations d\u2019identification personnelle.<\/li>\n<li>D\u2019envoyer ou d\u2019organiser l\u2019envoi de toute forme de sollicitation, telle que du \u00ab courrier ind\u00e9sirable \u00bb, des \u00ab cha\u00eenes de lettres \u00bb, du \u00ab spam \u00bb ou toute autre chose de nature similaire.<\/li>\n<li>Faire semblant d\u2019\u00eatre La Soci\u00e9t\u00e9, un employ\u00e9 de la Soci\u00e9t\u00e9, un autre utilisateur ou toute autre personne ou organisation (y compris, sans s\u2019y limiter, en utilisant des adresses de courriel ou des pseudonymes associ\u00e9s \u00e0 l\u2019un ou l\u2019autre de ces \u00e9l\u00e9ments).<\/li>\n<li>De participer \u00e0 tout autre comportement emp\u00eachant quelqu\u2019un d\u2019utiliser ou de profiter du Service, ou qui, \u00e0 notre avis, pourrait mettre en danger les utilisateurs du Service ou les exposer \u00e0 leur responsabilit\u00e9.<\/li>\n<li>Vous acceptez \u00e9galement de ne pas utiliser le Service pour \u00ab r\u00e9cup\u00e9rer \u00bb ou d\u00e9sagr\u00e9ger des donn\u00e9es \u00e0 des fins commerciales, de marketing ou de collecte ou d\u2019am\u00e9lioration de donn\u00e9es.<\/li>\n<li>Introduire tout contenu malveillant ou technologiquement dangereux, tel que des virus, des vers, des chevaux de Troie, des bombes logiques, etc.<\/li>\n<li>Tenter d'obtenir un acc\u00e8s non autoris\u00e9, de modifier, de d\u00e9truire ou d'interf\u00e9rer de toute autre mani\u00e8re avec toute partie du service, le serveur sur lequel il est conserv\u00e9 ou tout serveur, ordinateur ou base de donn\u00e9es connect\u00e9 au service.<\/li>\n<li>D\u00e9compiler ou proc\u00e9der \u00e0 la r\u00e9tro-ing\u00e9nierie des logiciels fournis par la Soci\u00e9t\u00e9.<\/li>\n<li>Alternativement, essayez d\u2019entraver le fonctionnement efficace du Service.<\/li>\n<\/ul>\n\n\t\t<\/div>\n\t<\/div>\n<\/div><\/div><\/div><\/div><div class=\"vc_row wpb_row vc_row-fluid\"><div class=\"wpb_column vc_column_container vc_col-sm-12\"><div class=\"vc_column-inner\"><div class=\"wpb_wrapper\">\n\t<div class=\"wpb_text_column wpb_content_element\" id=\"idemnification\">\n\t\t<div class=\"wpb_wrapper\">\n\t\t\t<h3>Votre Indemnisation de Nous<\/h3>\n<p>Vous consentez \u00e0 d\u00e9fendre, d\u00e9gager de toute responsabilit\u00e9 et indemniser la Soci\u00e9t\u00e9, ainsi que tous ses dirigeants, administrateurs, propri\u00e9taires, employ\u00e9s, agents, fournisseurs d'informations, soci\u00e9t\u00e9s affili\u00e9es, conc\u00e9dants de licence et titulaires de licence (collectivement, les \u00ab Parties indemnis\u00e9es \u00bb) contre toute responsabilit\u00e9 et tous frais, y compris, sans limitation, les honoraires d'avocat raisonnables, engag\u00e9s par les Parties indemnis\u00e9es en relation avec toute r\u00e9clamation d\u00e9coulant d'une violation par vous ou tout autre utilisateur de votre compte des pr\u00e9sentes Conditions d'utilisation. Vous devez contribuer \u00e0 la d\u00e9fense de toute all\u00e9gation de ce type de mani\u00e8re compl\u00e8te et raisonnable. La Soci\u00e9t\u00e9 a le droit d'assumer seule la responsabilit\u00e9 de la d\u00e9fense et de la gestion de tout probl\u00e8me pour lequel vous \u00eates tenu de fournir une indemnisation.<\/p>\n\n\t\t<\/div>\n\t<\/div>\n<\/div><\/div><\/div><\/div><div class=\"vc_row wpb_row vc_row-fluid\"><div class=\"wpb_column vc_column_container vc_col-sm-12\"><div class=\"vc_column-inner\"><div class=\"wpb_wrapper\">\n\t<div class=\"wpb_text_column wpb_content_element\" id=\"warranty\">\n\t\t<div class=\"wpb_wrapper\">\n\t\t\t<h3>AVERTISSEMENT DE GARANTIE<\/h3>\n<p>LE SERVICE EST FOURNI \u00ab TEL QUEL \u00bb SANS AUCUNE GARANTIE D'AUCUNE SORTE, EXPRESSE OU IMPLICITE, AUTRE QUE CELLES IMPLICITES ET NON EXCLUSIVES, RESTRICTIONS OU MODIFICATIONS EN VERTU DES LOIS APPLICABLES AUX PR\u00c9SENTES CONDITIONS D'UTILISATION, TELLES QUE TOUTE GARANTIE IMPLICITE DE TITRE OU DE QUALIT\u00c9 MARCHANDE OU D'AD\u00c9QUATION \u00c0 UN USAGE PARTICULIER. TOUTE OPINION, CONSEIL OU D\u00c9CLARATION FAITE SUR LE SERVICE N'EST PAS SOUTENUE PAR NOUS, ET NOUS NE SOMMES PAS RESPONSABLES DE SON EXACTITUDE OU DE SA FIABILIT\u00c9. AUCUN CONSEIL PROFESSIONNEL N'EST REMPLAC\u00c9 PAR LES INFORMATIONS, FAITS OU OPINIONS FOURNIS.<\/p>\n\n\t\t<\/div>\n\t<\/div>\n<\/div><\/div><\/div><\/div><div class=\"vc_row wpb_row vc_row-fluid\"><div class=\"wpb_column vc_column_container vc_col-sm-12\"><div class=\"vc_column-inner\"><div class=\"wpb_wrapper\">\n\t<div class=\"wpb_text_column wpb_content_element\" id=\"liability\">\n\t\t<div class=\"wpb_wrapper\">\n\t\t\t<h3>AVERTISSEMENT DE RESPONSABILIT\u00c9<\/h3>\n<p>LE SERVICE EST UTILIS\u00c9 \u00c0 VOS PROPRES RISQUES. NI LA \u200b\u200bSOCI\u00c9T\u00c9 NI AUCUNE DE SES FILIALES, DIVISIONS, SOCI\u00c9T\u00c9S AFFILI\u00c9ES, AGENTS, REPR\u00c9SENTANTS OU CONC\u00c9DANTS DE LICENCE (Y COMPRIS NOS CONTRIBUTEURS IND\u00c9PENDANTS) NE POURRONT \u00caTRE TENUS RESPONSABLES ENVERS VOUS OU QUICONQUE POUR TOUTE PERTE OU BLESSURE OU TOUT DOMMAGE DIRECT, INDIRECT, ACCESSOIRE, CONS\u00c9CUTIF, SP\u00c9CIAL, PUNITIF OU SIMILAIRE D\u00c9COULANT DE VOTRE ACC\u00c8S OU DE VOTRE UTILISATION, OU DE VOTRE INCAPACIT\u00c9 \u00c0 ACC\u00c9DER OU \u00c0 UTILISER, LE SERVICE ET LES INFORMATIONS DISPONIBLES SUR LE SERVICE OU D\u00c9COULANT DE TOUTE ACTION PRISE EN R\u00c9PONSE \u00c0 OU \u00c0 LA SUITE DE TOUTE INFORMATION DISPONIBLE SUR LE SERVICE. VOUS LIB\u00c9REZ PAR LA PR\u00c9SENTE LA SOCI\u00c9T\u00c9, SES FILIALES, DIVISIONS, AFFILI\u00c9S, AGENTS ET EMPLOY\u00c9S DE TOUTE R\u00c9CLAMATION.<\/p>\n\n\t\t<\/div>\n\t<\/div>\n<\/div><\/div><\/div><\/div><div class=\"vc_row wpb_row vc_row-fluid\"><div class=\"wpb_column vc_column_container vc_col-sm-12\"><div class=\"vc_column-inner\"><div class=\"wpb_wrapper\">\n\t<div class=\"wpb_text_column wpb_content_element\" id=\"agreement\">\n\t\t<div class=\"wpb_wrapper\">\n\t\t\t<h3>L'accord entier<\/h3>\n<p>Les Conditions G\u00e9n\u00e9rales constituent des ententes, des accords, des repr\u00e9sentations et des garanties, qu'ils soient \u00e9crits ou oraux, concernant le Service et refl\u00e8tent l'accord unique et entier entre vous et la Soci\u00e9t\u00e9 concernant le Service.<\/p>\n\n\t\t<\/div>\n\t<\/div>\n<\/div><\/div><\/div><\/div><div class=\"vc_row wpb_row vc_row-fluid\"><div class=\"wpb_column vc_column_container vc_col-sm-12\"><div class=\"vc_column-inner\"><div class=\"wpb_wrapper\">\n\t<div class=\"wpb_text_column wpb_content_element\" id=\"contact\">\n\t\t<div class=\"wpb_wrapper\">\n\t\t\t<h3>Comment nous contacter<\/h3>\n<p>Tous les autres commentaires, demandes d'assistance technique et autres communications relatives au Service doivent \u00eatre adress\u00e9s \u00e0 notre formulaire de contact.<\/p>\n<p>Pour toute autre demande, veuillez nous contacter \u00e0 : contact@kytabook.com<\/p>\n<p>Merci de visiter www.Kytabook.com et\/ou d'utiliser l'application Kytabook<\/p>\n\n\t\t<\/div>\n\t<\/div>\n<\/div><\/div><\/div><\/div>","protected":false},"excerpt":{"rendered":"Disclaimer Our Right to Modify These Terms of Use Our Privacy Policy Cookies Intellectual property Prohibited Uses of the Service Your Indemnification of Us WARRANTY DISCLAIMER LIABILITY DISCLAIMER Entiere Agreement How to Contact Us Overview Welcome to Kytabook! These terms and conditions outline the rules and regulations for the use of www.kytabook.com the \"Website\" and [...]","protected":false},"author":1,"featured_media":1070,"parent":0,"menu_order":0,"comment_status":"closed","ping_status":"closed","template":"","meta":{"footnotes":""},"class_list":["post-695","page","type-page","status-publish","has-post-thumbnail","hentry"],"yoast_head":"<!-- This site is optimized with the Yoast SEO plugin v25.6 - https:\/\/yoast.com\/wordpress\/plugins\/seo\/ -->\n<title>Terms and Conditions - Kytabook<\/title>\n<meta name=\"robots\" content=\"index, follow, max-snippet:-1, max-image-preview:large, max-video-preview:-1\" \/>\n<link rel=\"canonical\" href=\"https:\/\/kytabook.com\/fr\/terms-and-conditions\/\" \/>\n<meta property=\"og:locale\" content=\"fr_FR\" \/>\n<meta property=\"og:type\" content=\"article\" \/>\n<meta property=\"og:title\" content=\"Terms and Conditions - Kytabook\" \/>\n<meta property=\"og:url\" content=\"https:\/\/kytabook.com\/fr\/terms-and-conditions\/\" \/>\n<meta property=\"og:site_name\" content=\"Kytabook\" \/>\n<meta property=\"article:modified_time\" content=\"2024-09-09T14:35:07+00:00\" \/>\n<meta property=\"og:image\" content=\"https:\/\/kytabook.com\/wp-content\/uploads\/2024\/09\/Design-sans-titre-38.png\" \/>\n\t<meta property=\"og:image:width\" content=\"1351\" \/>\n\t<meta property=\"og:image:height\" content=\"326\" \/>\n\t<meta property=\"og:image:type\" content=\"image\/png\" \/>\n<meta name=\"twitter:card\" content=\"summary_large_image\" \/>\n<meta name=\"twitter:label1\" content=\"Dur\u00e9e de lecture estim\u00e9e\" \/>\n\t<meta name=\"twitter:data1\" content=\"7 minutes\" \/>\n<script type=\"application\/ld+json\" class=\"yoast-schema-graph\">{\"@context\":\"https:\/\/schema.org\",\"@graph\":[{\"@type\":\"WebPage\",\"@id\":\"https:\/\/kytabook.com\/terms-and-conditions\/\",\"url\":\"https:\/\/kytabook.com\/terms-and-conditions\/\",\"name\":\"Terms and Conditions - Kytabook\",\"isPartOf\":{\"@id\":\"https:\/\/kytabook.com\/#website\"},\"primaryImageOfPage\":{\"@id\":\"https:\/\/kytabook.com\/terms-and-conditions\/#primaryimage\"},\"image\":{\"@id\":\"https:\/\/kytabook.com\/terms-and-conditions\/#primaryimage\"},\"thumbnailUrl\":\"https:\/\/kytabook.com\/wp-content\/uploads\/2024\/09\/Design-sans-titre-38.png\",\"datePublished\":\"2022-09-09T08:11:25+00:00\",\"dateModified\":\"2024-09-09T14:35:07+00:00\",\"breadcrumb\":{\"@id\":\"https:\/\/kytabook.com\/terms-and-conditions\/#breadcrumb\"},\"inLanguage\":\"fr-FR\",\"potentialAction\":[{\"@type\":\"ReadAction\",\"target\":[\"https:\/\/kytabook.com\/terms-and-conditions\/\"]}]},{\"@type\":\"ImageObject\",\"inLanguage\":\"fr-FR\",\"@id\":\"https:\/\/kytabook.com\/terms-and-conditions\/#primaryimage\",\"url\":\"https:\/\/kytabook.com\/wp-content\/uploads\/2024\/09\/Design-sans-titre-38.png\",\"contentUrl\":\"https:\/\/kytabook.com\/wp-content\/uploads\/2024\/09\/Design-sans-titre-38.png\",\"width\":1351,\"height\":326},{\"@type\":\"BreadcrumbList\",\"@id\":\"https:\/\/kytabook.com\/terms-and-conditions\/#breadcrumb\",\"itemListElement\":[{\"@type\":\"ListItem\",\"position\":1,\"name\":\"Accueil\",\"item\":\"https:\/\/kytabook.com\/\"},{\"@type\":\"ListItem\",\"position\":2,\"name\":\"Terms and Conditions\"}]},{\"@type\":\"WebSite\",\"@id\":\"https:\/\/kytabook.com\/#website\",\"url\":\"https:\/\/kytabook.com\/\",\"name\":\"Kytabook\",\"description\":\"Explorez des mondes enchant\u00e9s avec Kytabook, la biblioth\u00e8que num\u00e9rique pour enfants !\",\"publisher\":{\"@id\":\"https:\/\/kytabook.com\/#organization\"},\"potentialAction\":[{\"@type\":\"SearchAction\",\"target\":{\"@type\":\"EntryPoint\",\"urlTemplate\":\"https:\/\/kytabook.com\/?s={search_term_string}\"},\"query-input\":{\"@type\":\"PropertyValueSpecification\",\"valueRequired\":true,\"valueName\":\"search_term_string\"}}],\"inLanguage\":\"fr-FR\"},{\"@type\":\"Organization\",\"@id\":\"https:\/\/kytabook.com\/#organization\",\"name\":\"Kytabook\",\"url\":\"https:\/\/kytabook.com\/\",\"logo\":{\"@type\":\"ImageObject\",\"inLanguage\":\"fr-FR\",\"@id\":\"https:\/\/kytabook.com\/#\/schema\/logo\/image\/\",\"url\":\"\",\"contentUrl\":\"\",\"caption\":\"Kytabook\"},\"image\":{\"@id\":\"https:\/\/kytabook.com\/#\/schema\/logo\/image\/\"}}]}<\/script>\n<!-- \/ Yoast SEO plugin. -->","yoast_head_json":{"title":"Terms and Conditions - Kytabook","robots":{"index":"index","follow":"follow","max-snippet":"max-snippet:-1","max-image-preview":"max-image-preview:large","max-video-preview":"max-video-preview:-1"},"canonical":"https:\/\/kytabook.com\/fr\/terms-and-conditions\/","og_locale":"fr_FR","og_type":"article","og_title":"Terms and Conditions - Kytabook","og_url":"https:\/\/kytabook.com\/fr\/terms-and-conditions\/","og_site_name":"Kytabook","article_modified_time":"2024-09-09T14:35:07+00:00","og_image":[{"width":1351,"height":326,"url":"https:\/\/kytabook.com\/wp-content\/uploads\/2024\/09\/Design-sans-titre-38.png","type":"image\/png"}],"twitter_card":"summary_large_image","twitter_misc":{"Dur\u00e9e de lecture estim\u00e9e":"7 minutes"},"schema":{"@context":"https:\/\/schema.org","@graph":[{"@type":"WebPage","@id":"https:\/\/kytabook.com\/terms-and-conditions\/","url":"https:\/\/kytabook.com\/terms-and-conditions\/","name":"Terms and Conditions - Kytabook","isPartOf":{"@id":"https:\/\/kytabook.com\/#website"},"primaryImageOfPage":{"@id":"https:\/\/kytabook.com\/terms-and-conditions\/#primaryimage"},"image":{"@id":"https:\/\/kytabook.com\/terms-and-conditions\/#primaryimage"},"thumbnailUrl":"https:\/\/kytabook.com\/wp-content\/uploads\/2024\/09\/Design-sans-titre-38.png","datePublished":"2022-09-09T08:11:25+00:00","dateModified":"2024-09-09T14:35:07+00:00","breadcrumb":{"@id":"https:\/\/kytabook.com\/terms-and-conditions\/#breadcrumb"},"inLanguage":"fr-FR","potentialAction":[{"@type":"ReadAction","target":["https:\/\/kytabook.com\/terms-and-conditions\/"]}]},{"@type":"ImageObject","inLanguage":"fr-FR","@id":"https:\/\/kytabook.com\/terms-and-conditions\/#primaryimage","url":"https:\/\/kytabook.com\/wp-content\/uploads\/2024\/09\/Design-sans-titre-38.png","contentUrl":"https:\/\/kytabook.com\/wp-content\/uploads\/2024\/09\/Design-sans-titre-38.png","width":1351,"height":326},{"@type":"BreadcrumbList","@id":"https:\/\/kytabook.com\/terms-and-conditions\/#breadcrumb","itemListElement":[{"@type":"ListItem","position":1,"name":"Accueil","item":"https:\/\/kytabook.com\/"},{"@type":"ListItem","position":2,"name":"Terms and Conditions"}]},{"@type":"WebSite","@id":"https:\/\/kytabook.com\/#website","url":"https:\/\/kytabook.com\/","name":"Kytabook","description":"Explorez des mondes enchant\u00e9s avec Kytabook, la biblioth\u00e8que num\u00e9rique pour enfants !","publisher":{"@id":"https:\/\/kytabook.com\/#organization"},"potentialAction":[{"@type":"SearchAction","target":{"@type":"EntryPoint","urlTemplate":"https:\/\/kytabook.com\/?s={search_term_string}"},"query-input":{"@type":"PropertyValueSpecification","valueRequired":true,"valueName":"search_term_string"}}],"inLanguage":"fr-FR"},{"@type":"Organization","@id":"https:\/\/kytabook.com\/#organization","name":"Kytabook","url":"https:\/\/kytabook.com\/","logo":{"@type":"ImageObject","inLanguage":"fr-FR","@id":"https:\/\/kytabook.com\/#\/schema\/logo\/image\/","url":"","contentUrl":"","caption":"Kytabook"},"image":{"@id":"https:\/\/kytabook.com\/#\/schema\/logo\/image\/"}}]}},"_links":{"self":[{"href":"https:\/\/kytabook.com\/fr\/wp-json\/wp\/v2\/pages\/695"}],"collection":[{"href":"https:\/\/kytabook.com\/fr\/wp-json\/wp\/v2\/pages"}],"about":[{"href":"https:\/\/kytabook.com\/fr\/wp-json\/wp\/v2\/types\/page"}],"author":[{"embeddable":true,"href":"https:\/\/kytabook.com\/fr\/wp-json\/wp\/v2\/users\/1"}],"replies":[{"embeddable":true,"href":"https:\/\/kytabook.com\/fr\/wp-json\/wp\/v2\/comments?post=695"}],"version-history":[{"count":14,"href":"https:\/\/kytabook.com\/fr\/wp-json\/wp\/v2\/pages\/695\/revisions"}],"predecessor-version":[{"id":1069,"href":"https:\/\/kytabook.com\/fr\/wp-json\/wp\/v2\/pages\/695\/revisions\/1069"}],"wp:featuredmedia":[{"embeddable":true,"href":"https:\/\/kytabook.com\/fr\/wp-json\/wp\/v2\/media\/1070"}],"wp:attachment":[{"href":"https:\/\/kytabook.com\/fr\/wp-json\/wp\/v2\/media?parent=695"}],"curies":[{"name":"wp","href":"https:\/\/api.w.org\/{rel}","templated":true}]}}