{"id":1224,"date":"2024-12-27T16:22:35","date_gmt":"2024-12-27T15:22:35","guid":{"rendered":"https:\/\/kytabook.com\/?page_id=1224"},"modified":"2025-01-03T12:26:03","modified_gmt":"2025-01-03T11:26:03","slug":"delete-account","status":"publish","type":"page","link":"https:\/\/kytabook.com\/fr\/delete-account\/","title":{"rendered":"Supprimer le compte"},"content":{"rendered":"<div class=\"vc_row wpb_row vc_row-fluid\"><div class=\"wpb_column vc_column_container vc_col-sm-12\"><div class=\"vc_column-inner\"><div class=\"wpb_wrapper\">\n\t<div class=\"wpb_text_column wpb_content_element\" >\n\t\t<div class=\"wpb_wrapper\">\n\t\t\t<p style=\"text-align: left;\" class=\"translation-block\">En tant qu'utilisateur de Kytabook, vous avez le contr\u00f4le total pour supprimer votre compte \u00e0 tout moment. Pour cela, vous devez acc\u00e9der \u00e0 la section <strong>Configuration<\/strong> (1) pour continuer.<\/p>\n\n\t\t<\/div>\n\t<\/div>\n\n\t<div  class=\"wpb_single_image wpb_content_element vc_align_left\">\n\t\t\n\t\t<figure class=\"wpb_wrapper vc_figure\">\n\t\t\t<div class=\"vc_single_image-wrapper vc_box_rounded  vc_box_border_grey\"><img loading=\"lazy\" decoding=\"async\" width=\"1024\" height=\"461\" src=\"https:\/\/kytabook.com\/wp-content\/uploads\/2025\/01\/configuration.png\" class=\"vc_single_image-img attachment-large\" alt=\"\" srcset=\"https:\/\/kytabook.com\/wp-content\/uploads\/2025\/01\/configuration.png 2400w, https:\/\/kytabook.com\/wp-content\/uploads\/2025\/01\/configuration-300x135.png 300w, https:\/\/kytabook.com\/wp-content\/uploads\/2025\/01\/configuration-1024x461.png 1024w, https:\/\/kytabook.com\/wp-content\/uploads\/2025\/01\/configuration-768x346.png 768w, https:\/\/kytabook.com\/wp-content\/uploads\/2025\/01\/configuration-1536x691.png 1536w, https:\/\/kytabook.com\/wp-content\/uploads\/2025\/01\/configuration-2048x922.png 2048w, https:\/\/kytabook.com\/wp-content\/uploads\/2025\/01\/configuration-18x8.png 18w\" sizes=\"(max-width: 1024px) 100vw, 1024px\" \/><\/div>\n\t\t<\/figure>\n\t<\/div>\n\n\t<div class=\"wpb_text_column wpb_content_element\" >\n\t\t<div class=\"wpb_wrapper\">\n\t\t\t<p style=\"text-align: left;\">L'ic\u00f4ne (2) vous permet de vous d\u00e9connecter de l'application ou de supprimer votre compte. En cliquant dessus, une fen\u00eatre avec les deux options s'affichera.<\/p>\n\n\t\t<\/div>\n\t<\/div>\n\n\t<div  class=\"wpb_single_image wpb_content_element vc_align_left\">\n\t\t\n\t\t<figure class=\"wpb_wrapper vc_figure\">\n\t\t\t<div class=\"vc_single_image-wrapper vc_box_rounded  vc_box_border_grey\"><img loading=\"lazy\" decoding=\"async\" width=\"1024\" height=\"461\" src=\"https:\/\/kytabook.com\/wp-content\/uploads\/2025\/01\/suppression.png\" class=\"vc_single_image-img attachment-large\" alt=\"\" srcset=\"https:\/\/kytabook.com\/wp-content\/uploads\/2025\/01\/suppression.png 2400w, https:\/\/kytabook.com\/wp-content\/uploads\/2025\/01\/suppression-300x135.png 300w, https:\/\/kytabook.com\/wp-content\/uploads\/2025\/01\/suppression-1024x461.png 1024w, https:\/\/kytabook.com\/wp-content\/uploads\/2025\/01\/suppression-768x346.png 768w, https:\/\/kytabook.com\/wp-content\/uploads\/2025\/01\/suppression-1536x691.png 1536w, https:\/\/kytabook.com\/wp-content\/uploads\/2025\/01\/suppression-2048x922.png 2048w, https:\/\/kytabook.com\/wp-content\/uploads\/2025\/01\/suppression-18x8.png 18w\" sizes=\"(max-width: 1024px) 100vw, 1024px\" \/><\/div>\n\t\t<\/figure>\n\t<\/div>\n\n\t<div class=\"wpb_text_column wpb_content_element\" >\n\t\t<div class=\"wpb_wrapper\">\n\t\t\t<div class=\"flex max-w-full flex-col flex-grow\" style=\"text-align: left;\">\n<div class=\"min-h-8 text-message flex w-full flex-col items-end gap-2 whitespace-normal break-words text-start &#091;.text-message+&amp;&#093;:mt-5\" dir=\"auto\" data-message-author-role=\"assistant\" data-message-id=\"6f3f65f0-9f2d-42b6-858f-f8cf07b5581a\" data-message-model-slug=\"gpt-4o\">\n<div class=\"flex w-full flex-col gap-1 empty:hidden first:pt-&#091;3px&#093;\">\n<div class=\"markdown prose w-full break-words dark:prose-invert dark\">\n<p class=\"translation-block\">Pour supprimer votre compte, cliquez sur le bouton <strong>Supprimer mon compte<\/strong> (3), et pour confirmer la suppression de votre compte, appuyez sur <strong>Oui<\/strong> (4)<\/p>\n<\/div>\n<\/div>\n<\/div>\n<\/div>\n\n\t\t<\/div>\n\t<\/div>\n\n\t<div  class=\"wpb_single_image wpb_content_element vc_align_left\">\n\t\t\n\t\t<figure class=\"wpb_wrapper vc_figure\">\n\t\t\t<div class=\"vc_single_image-wrapper vc_box_rounded  vc_box_border_grey\"><img loading=\"lazy\" decoding=\"async\" width=\"1024\" height=\"461\" src=\"https:\/\/kytabook.com\/wp-content\/uploads\/2025\/01\/confirmer-suppression.png\" class=\"vc_single_image-img attachment-large\" alt=\"\" srcset=\"https:\/\/kytabook.com\/wp-content\/uploads\/2025\/01\/confirmer-suppression.png 2400w, https:\/\/kytabook.com\/wp-content\/uploads\/2025\/01\/confirmer-suppression-300x135.png 300w, https:\/\/kytabook.com\/wp-content\/uploads\/2025\/01\/confirmer-suppression-1024x461.png 1024w, https:\/\/kytabook.com\/wp-content\/uploads\/2025\/01\/confirmer-suppression-768x346.png 768w, https:\/\/kytabook.com\/wp-content\/uploads\/2025\/01\/confirmer-suppression-1536x691.png 1536w, https:\/\/kytabook.com\/wp-content\/uploads\/2025\/01\/confirmer-suppression-2048x922.png 2048w, https:\/\/kytabook.com\/wp-content\/uploads\/2025\/01\/confirmer-suppression-18x8.png 18w\" sizes=\"(max-width: 1024px) 100vw, 1024px\" \/><\/div>\n\t\t<\/figure>\n\t<\/div>\n\n\t<div class=\"wpb_text_column wpb_content_element\" >\n\t\t<div class=\"wpb_wrapper\">\n\t\t\t<p>Lors de la cr\u00e9ation d'un compte sur Kytabook, nous enregistrons les \u00e9l\u00e9ments suivants :<\/p>\n<ul>\n<li>Votre identifiant unique, g\u00e9n\u00e9r\u00e9 lors de la cr\u00e9ation du compte.<\/li>\n<li>Votre adresse e-mail.<\/li>\n<li>Votre nom d'affichage.<\/li>\n<li style=\"text-align: left;\">Les livres que vous avez ajout\u00e9s \u00e0 votre biblioth\u00e8que (gratuits et payants).<\/li>\n<li>\n<p data-pm-slice=\"1 1 &#091;&#093;\">Informations relatives \u00e0 votre achat, telles que les d\u00e9tails de la transaction, \u00e0 des fins de gestion et de support client. Cependant, veuillez noter que nous ne stockons aucune information bancaire ou de paiement sensible.<\/p>\n<\/li>\n<\/ul>\n\n\t\t<\/div>\n\t<\/div>\n\n\t<div class=\"wpb_text_column wpb_content_element\" >\n\t\t<div class=\"wpb_wrapper\">\n\t\t\t<p>Lors de la suppression du compte, nous supprimons les \u00e9l\u00e9ments suivants\u00a0:<\/p>\n<ul>\n<li>Votre adresse e-mail.<\/li>\n<li>Votre nom d'affichage.<\/li>\n<li>Les livres que vous avez ajout\u00e9s \u00e0 votre biblioth\u00e8que (gratuits et payants).<\/li>\n<\/ul>\n<p>Cependant, nous conservons uniquement votre identifiant unique et vos informations d'achat pour des besoins de pr\u00e9vention de fraude et de tra\u00e7abilit\u00e9 financi\u00e8re.<\/p>\n\n\t\t<\/div>\n\t<\/div>\n<\/div><\/div><\/div><\/div>","protected":false},"excerpt":{"rendered":"As a Kytabook user, you have full control to delete your account at any time. For that, you have to go to the Settings section (1) to proceed The icon (2) allows you to log out of the application or delete your account. Clicking on it will display a popup with both options. To delete [...]","protected":false},"author":1,"featured_media":1032,"parent":0,"menu_order":0,"comment_status":"closed","ping_status":"closed","template":"","meta":{"footnotes":""},"class_list":["post-1224","page","type-page","status-publish","has-post-thumbnail","hentry"],"yoast_head":"<!-- This site is optimized with the Yoast SEO plugin v25.6 - https:\/\/yoast.com\/wordpress\/plugins\/seo\/ -->\n<title>Delete account - Kytabook<\/title>\n<meta name=\"robots\" content=\"index, follow, max-snippet:-1, max-image-preview:large, max-video-preview:-1\" \/>\n<link rel=\"canonical\" href=\"https:\/\/kytabook.com\/fr\/delete-account\/\" \/>\n<meta property=\"og:locale\" content=\"fr_FR\" \/>\n<meta property=\"og:type\" content=\"article\" \/>\n<meta property=\"og:title\" content=\"Delete account - Kytabook\" \/>\n<meta property=\"og:url\" content=\"https:\/\/kytabook.com\/fr\/delete-account\/\" \/>\n<meta property=\"og:site_name\" content=\"Kytabook\" \/>\n<meta property=\"article:modified_time\" content=\"2025-01-03T11:26:03+00:00\" \/>\n<meta property=\"og:image\" content=\"https:\/\/kytabook.com\/wp-content\/uploads\/2024\/08\/Design-sans-titre-24.png\" \/>\n\t<meta property=\"og:image:width\" content=\"1351\" \/>\n\t<meta property=\"og:image:height\" content=\"326\" \/>\n\t<meta property=\"og:image:type\" content=\"image\/png\" \/>\n<meta name=\"twitter:card\" content=\"summary_large_image\" \/>\n<meta name=\"twitter:label1\" content=\"Dur\u00e9e de lecture estim\u00e9e\" \/>\n\t<meta name=\"twitter:data1\" content=\"1 minute\" \/>\n<script type=\"application\/ld+json\" class=\"yoast-schema-graph\">{\"@context\":\"https:\/\/schema.org\",\"@graph\":[{\"@type\":\"WebPage\",\"@id\":\"https:\/\/kytabook.com\/delete-account\/\",\"url\":\"https:\/\/kytabook.com\/delete-account\/\",\"name\":\"Delete account - Kytabook\",\"isPartOf\":{\"@id\":\"https:\/\/kytabook.com\/#website\"},\"primaryImageOfPage\":{\"@id\":\"https:\/\/kytabook.com\/delete-account\/#primaryimage\"},\"image\":{\"@id\":\"https:\/\/kytabook.com\/delete-account\/#primaryimage\"},\"thumbnailUrl\":\"https:\/\/kytabook.com\/wp-content\/uploads\/2024\/08\/Design-sans-titre-24.png\",\"datePublished\":\"2024-12-27T15:22:35+00:00\",\"dateModified\":\"2025-01-03T11:26:03+00:00\",\"breadcrumb\":{\"@id\":\"https:\/\/kytabook.com\/delete-account\/#breadcrumb\"},\"inLanguage\":\"fr-FR\",\"potentialAction\":[{\"@type\":\"ReadAction\",\"target\":[\"https:\/\/kytabook.com\/delete-account\/\"]}]},{\"@type\":\"ImageObject\",\"inLanguage\":\"fr-FR\",\"@id\":\"https:\/\/kytabook.com\/delete-account\/#primaryimage\",\"url\":\"https:\/\/kytabook.com\/wp-content\/uploads\/2024\/08\/Design-sans-titre-24.png\",\"contentUrl\":\"https:\/\/kytabook.com\/wp-content\/uploads\/2024\/08\/Design-sans-titre-24.png\",\"width\":1351,\"height\":326},{\"@type\":\"BreadcrumbList\",\"@id\":\"https:\/\/kytabook.com\/delete-account\/#breadcrumb\",\"itemListElement\":[{\"@type\":\"ListItem\",\"position\":1,\"name\":\"Accueil\",\"item\":\"https:\/\/kytabook.com\/\"},{\"@type\":\"ListItem\",\"position\":2,\"name\":\"Delete account\"}]},{\"@type\":\"WebSite\",\"@id\":\"https:\/\/kytabook.com\/#website\",\"url\":\"https:\/\/kytabook.com\/\",\"name\":\"Kytabook\",\"description\":\"Explorez des mondes enchant\u00e9s avec Kytabook, la biblioth\u00e8que num\u00e9rique pour enfants !\",\"publisher\":{\"@id\":\"https:\/\/kytabook.com\/#organization\"},\"potentialAction\":[{\"@type\":\"SearchAction\",\"target\":{\"@type\":\"EntryPoint\",\"urlTemplate\":\"https:\/\/kytabook.com\/?s={search_term_string}\"},\"query-input\":{\"@type\":\"PropertyValueSpecification\",\"valueRequired\":true,\"valueName\":\"search_term_string\"}}],\"inLanguage\":\"fr-FR\"},{\"@type\":\"Organization\",\"@id\":\"https:\/\/kytabook.com\/#organization\",\"name\":\"Kytabook\",\"url\":\"https:\/\/kytabook.com\/\",\"logo\":{\"@type\":\"ImageObject\",\"inLanguage\":\"fr-FR\",\"@id\":\"https:\/\/kytabook.com\/#\/schema\/logo\/image\/\",\"url\":\"\",\"contentUrl\":\"\",\"caption\":\"Kytabook\"},\"image\":{\"@id\":\"https:\/\/kytabook.com\/#\/schema\/logo\/image\/\"}}]}<\/script>\n<!-- \/ Yoast SEO plugin. -->","yoast_head_json":{"title":"Delete account - Kytabook","robots":{"index":"index","follow":"follow","max-snippet":"max-snippet:-1","max-image-preview":"max-image-preview:large","max-video-preview":"max-video-preview:-1"},"canonical":"https:\/\/kytabook.com\/fr\/delete-account\/","og_locale":"fr_FR","og_type":"article","og_title":"Delete account - Kytabook","og_url":"https:\/\/kytabook.com\/fr\/delete-account\/","og_site_name":"Kytabook","article_modified_time":"2025-01-03T11:26:03+00:00","og_image":[{"width":1351,"height":326,"url":"https:\/\/kytabook.com\/wp-content\/uploads\/2024\/08\/Design-sans-titre-24.png","type":"image\/png"}],"twitter_card":"summary_large_image","twitter_misc":{"Dur\u00e9e de lecture estim\u00e9e":"1 minute"},"schema":{"@context":"https:\/\/schema.org","@graph":[{"@type":"WebPage","@id":"https:\/\/kytabook.com\/delete-account\/","url":"https:\/\/kytabook.com\/delete-account\/","name":"Delete account - Kytabook","isPartOf":{"@id":"https:\/\/kytabook.com\/#website"},"primaryImageOfPage":{"@id":"https:\/\/kytabook.com\/delete-account\/#primaryimage"},"image":{"@id":"https:\/\/kytabook.com\/delete-account\/#primaryimage"},"thumbnailUrl":"https:\/\/kytabook.com\/wp-content\/uploads\/2024\/08\/Design-sans-titre-24.png","datePublished":"2024-12-27T15:22:35+00:00","dateModified":"2025-01-03T11:26:03+00:00","breadcrumb":{"@id":"https:\/\/kytabook.com\/delete-account\/#breadcrumb"},"inLanguage":"fr-FR","potentialAction":[{"@type":"ReadAction","target":["https:\/\/kytabook.com\/delete-account\/"]}]},{"@type":"ImageObject","inLanguage":"fr-FR","@id":"https:\/\/kytabook.com\/delete-account\/#primaryimage","url":"https:\/\/kytabook.com\/wp-content\/uploads\/2024\/08\/Design-sans-titre-24.png","contentUrl":"https:\/\/kytabook.com\/wp-content\/uploads\/2024\/08\/Design-sans-titre-24.png","width":1351,"height":326},{"@type":"BreadcrumbList","@id":"https:\/\/kytabook.com\/delete-account\/#breadcrumb","itemListElement":[{"@type":"ListItem","position":1,"name":"Accueil","item":"https:\/\/kytabook.com\/"},{"@type":"ListItem","position":2,"name":"Delete account"}]},{"@type":"WebSite","@id":"https:\/\/kytabook.com\/#website","url":"https:\/\/kytabook.com\/","name":"Kytabook","description":"Explorez des mondes enchant\u00e9s avec Kytabook, la biblioth\u00e8que num\u00e9rique pour enfants !","publisher":{"@id":"https:\/\/kytabook.com\/#organization"},"potentialAction":[{"@type":"SearchAction","target":{"@type":"EntryPoint","urlTemplate":"https:\/\/kytabook.com\/?s={search_term_string}"},"query-input":{"@type":"PropertyValueSpecification","valueRequired":true,"valueName":"search_term_string"}}],"inLanguage":"fr-FR"},{"@type":"Organization","@id":"https:\/\/kytabook.com\/#organization","name":"Kytabook","url":"https:\/\/kytabook.com\/","logo":{"@type":"ImageObject","inLanguage":"fr-FR","@id":"https:\/\/kytabook.com\/#\/schema\/logo\/image\/","url":"","contentUrl":"","caption":"Kytabook"},"image":{"@id":"https:\/\/kytabook.com\/#\/schema\/logo\/image\/"}}]}},"_links":{"self":[{"href":"https:\/\/kytabook.com\/fr\/wp-json\/wp\/v2\/pages\/1224"}],"collection":[{"href":"https:\/\/kytabook.com\/fr\/wp-json\/wp\/v2\/pages"}],"about":[{"href":"https:\/\/kytabook.com\/fr\/wp-json\/wp\/v2\/types\/page"}],"author":[{"embeddable":true,"href":"https:\/\/kytabook.com\/fr\/wp-json\/wp\/v2\/users\/1"}],"replies":[{"embeddable":true,"href":"https:\/\/kytabook.com\/fr\/wp-json\/wp\/v2\/comments?post=1224"}],"version-history":[{"count":8,"href":"https:\/\/kytabook.com\/fr\/wp-json\/wp\/v2\/pages\/1224\/revisions"}],"predecessor-version":[{"id":1247,"href":"https:\/\/kytabook.com\/fr\/wp-json\/wp\/v2\/pages\/1224\/revisions\/1247"}],"wp:featuredmedia":[{"embeddable":true,"href":"https:\/\/kytabook.com\/fr\/wp-json\/wp\/v2\/media\/1032"}],"wp:attachment":[{"href":"https:\/\/kytabook.com\/fr\/wp-json\/wp\/v2\/media?parent=1224"}],"curies":[{"name":"wp","href":"https:\/\/api.w.org\/{rel}","templated":true}]}}